{"id":14,"date":"2025-01-31T11:54:11","date_gmt":"2025-01-31T10:54:11","guid":{"rendered":"http:\/\/www.abtrio-leseni.cz\/?page_id=14"},"modified":"2025-10-21T13:53:59","modified_gmt":"2025-10-21T11:53:59","slug":"pronajem-leseni-liberec","status":"publish","type":"page","link":"https:\/\/www.abtrio-leseni.cz\/","title":{"rendered":"V\u00c1\u0160 EXPERT NA LE\u0160EN\u00cd"},"content":{"rendered":"","protected":false},"excerpt":{"rendered":"","protected":false},"author":1,"featured_media":63,"parent":0,"menu_order":0,"comment_status":"closed","ping_status":"closed","template":"","meta":{"footnotes":""},"class_list":["post-14","page","type-page","status-publish","has-post-thumbnail","hentry"],"yoast_head":"<!-- This site is optimized with the Yoast SEO plugin v26.1 - https:\/\/yoast.com\/wordpress\/plugins\/seo\/ -->\n<title>V\u00c1\u0160 EXPERT NA LE\u0160EN\u00cd - AB TRIO s.r.o.<\/title>\n<meta name=\"description\" content=\"Ji\u017e v\u00edce ne\u017e 30 let V\u00e1m pom\u00e1h\u00e1me realizovat Va\u0161e sny. A\u0165 u\u017e stav\u00edte d\u016fm nebo developersk\u00fd projekt, s na\u0161\u00edm le\u0161en\u00edm m\u016f\u017eete m\u00ed\u0159it vysoko!\" \/>\n<meta name=\"robots\" content=\"index, follow, max-snippet:-1, max-image-preview:large, max-video-preview:-1\" \/>\n<link rel=\"canonical\" href=\"https:\/\/www.abtrio-leseni.cz\/\" \/>\n<meta property=\"og:locale\" content=\"cs_CZ\" \/>\n<meta property=\"og:type\" content=\"article\" \/>\n<meta property=\"og:title\" content=\"V\u00c1\u0160 EXPERT NA LE\u0160EN\u00cd - AB TRIO s.r.o.\" \/>\n<meta property=\"og:description\" content=\"Ji\u017e v\u00edce ne\u017e 30 let V\u00e1m pom\u00e1h\u00e1me realizovat Va\u0161e sny. A\u0165 u\u017e stav\u00edte d\u016fm nebo developersk\u00fd projekt, s na\u0161\u00edm le\u0161en\u00edm m\u016f\u017eete m\u00ed\u0159it vysoko!\" \/>\n<meta property=\"og:url\" content=\"https:\/\/www.abtrio-leseni.cz\/\" \/>\n<meta property=\"og:site_name\" content=\"AB TRIO s.r.o.\" \/>\n<meta property=\"article:modified_time\" content=\"2025-10-21T11:53:59+00:00\" \/>\n<meta property=\"og:image\" content=\"https:\/\/www.abtrio-leseni.cz\/wp-content\/uploads\/2025\/01\/Abtrio_logo_ctverec_nove.png\" \/>\n\t<meta property=\"og:image:width\" content=\"4960\" \/>\n\t<meta property=\"og:image:height\" content=\"4646\" \/>\n\t<meta property=\"og:image:type\" content=\"image\/png\" \/>\n<meta name=\"twitter:card\" content=\"summary_large_image\" \/>\n<meta name=\"twitter:label1\" content=\"Odhadovan\u00e1 doba \u010dten\u00ed\" \/>\n\t<meta name=\"twitter:data1\" content=\"5 minut\" \/>\n<script type=\"application\/ld+json\" class=\"yoast-schema-graph\">{\"@context\":\"https:\/\/schema.org\",\"@graph\":[{\"@type\":\"WebPage\",\"@id\":\"https:\/\/www.abtrio-leseni.cz\/\",\"url\":\"https:\/\/www.abtrio-leseni.cz\/\",\"name\":\"V\u00c1\u0160 EXPERT NA LE\u0160EN\u00cd - AB TRIO s.r.o.\",\"isPartOf\":{\"@id\":\"https:\/\/www.abtrio-leseni.cz\/#website\"},\"primaryImageOfPage\":{\"@id\":\"https:\/\/www.abtrio-leseni.cz\/#primaryimage\"},\"image\":{\"@id\":\"https:\/\/www.abtrio-leseni.cz\/#primaryimage\"},\"thumbnailUrl\":\"https:\/\/www.abtrio-leseni.cz\/wp-content\/uploads\/2025\/01\/Abtrio_logo_ctverec_nove.png\",\"datePublished\":\"2025-01-31T10:54:11+00:00\",\"dateModified\":\"2025-10-21T11:53:59+00:00\",\"description\":\"Ji\u017e v\u00edce ne\u017e 30 let V\u00e1m pom\u00e1h\u00e1me realizovat Va\u0161e sny. A\u0165 u\u017e stav\u00edte d\u016fm nebo developersk\u00fd projekt, s na\u0161\u00edm le\u0161en\u00edm m\u016f\u017eete m\u00ed\u0159it vysoko!\",\"breadcrumb\":{\"@id\":\"https:\/\/www.abtrio-leseni.cz\/#breadcrumb\"},\"inLanguage\":\"cs\",\"potentialAction\":[{\"@type\":\"ReadAction\",\"target\":[\"https:\/\/www.abtrio-leseni.cz\/\"]}]},{\"@type\":\"ImageObject\",\"inLanguage\":\"cs\",\"@id\":\"https:\/\/www.abtrio-leseni.cz\/#primaryimage\",\"url\":\"https:\/\/www.abtrio-leseni.cz\/wp-content\/uploads\/2025\/01\/Abtrio_logo_ctverec_nove.png\",\"contentUrl\":\"https:\/\/www.abtrio-leseni.cz\/wp-content\/uploads\/2025\/01\/Abtrio_logo_ctverec_nove.png\",\"width\":4960,\"height\":4646,\"caption\":\"Logo spole\u010dnosti AB TRIO s.r.o.\"},{\"@type\":\"BreadcrumbList\",\"@id\":\"https:\/\/www.abtrio-leseni.cz\/#breadcrumb\",\"itemListElement\":[{\"@type\":\"ListItem\",\"position\":1,\"name\":\"Dom\u016f\",\"item\":\"https:\/\/www.abtrio-leseni.cz\/\"},{\"@type\":\"ListItem\",\"position\":2,\"name\":\"V\u00c1\u0160 EXPERT NA LE\u0160EN\u00cd\"}]},{\"@type\":\"WebSite\",\"@id\":\"https:\/\/www.abtrio-leseni.cz\/#website\",\"url\":\"https:\/\/www.abtrio-leseni.cz\/\",\"name\":\"AB TRIO s.r.o.\",\"description\":\"V\u00e1\u0161 expert na le\u0161en\u00ed\",\"potentialAction\":[{\"@type\":\"SearchAction\",\"target\":{\"@type\":\"EntryPoint\",\"urlTemplate\":\"https:\/\/www.abtrio-leseni.cz\/?s={search_term_string}\"},\"query-input\":{\"@type\":\"PropertyValueSpecification\",\"valueRequired\":true,\"valueName\":\"search_term_string\"}}],\"inLanguage\":\"cs\"}]}<\/script>\n<!-- \/ Yoast SEO plugin. -->","yoast_head_json":{"title":"V\u00c1\u0160 EXPERT NA LE\u0160EN\u00cd - AB TRIO s.r.o.","description":"Ji\u017e v\u00edce ne\u017e 30 let V\u00e1m pom\u00e1h\u00e1me realizovat Va\u0161e sny. A\u0165 u\u017e stav\u00edte d\u016fm nebo developersk\u00fd projekt, s na\u0161\u00edm le\u0161en\u00edm m\u016f\u017eete m\u00ed\u0159it vysoko!","robots":{"index":"index","follow":"follow","max-snippet":"max-snippet:-1","max-image-preview":"max-image-preview:large","max-video-preview":"max-video-preview:-1"},"canonical":"https:\/\/www.abtrio-leseni.cz\/","og_locale":"cs_CZ","og_type":"article","og_title":"V\u00c1\u0160 EXPERT NA LE\u0160EN\u00cd - AB TRIO s.r.o.","og_description":"Ji\u017e v\u00edce ne\u017e 30 let V\u00e1m pom\u00e1h\u00e1me realizovat Va\u0161e sny. A\u0165 u\u017e stav\u00edte d\u016fm nebo developersk\u00fd projekt, s na\u0161\u00edm le\u0161en\u00edm m\u016f\u017eete m\u00ed\u0159it vysoko!","og_url":"https:\/\/www.abtrio-leseni.cz\/","og_site_name":"AB TRIO s.r.o.","article_modified_time":"2025-10-21T11:53:59+00:00","og_image":[{"width":4960,"height":4646,"url":"https:\/\/www.abtrio-leseni.cz\/wp-content\/uploads\/2025\/01\/Abtrio_logo_ctverec_nove.png","type":"image\/png"}],"twitter_card":"summary_large_image","twitter_misc":{"Odhadovan\u00e1 doba \u010dten\u00ed":"5 minut"},"schema":{"@context":"https:\/\/schema.org","@graph":[{"@type":"WebPage","@id":"https:\/\/www.abtrio-leseni.cz\/","url":"https:\/\/www.abtrio-leseni.cz\/","name":"V\u00c1\u0160 EXPERT NA LE\u0160EN\u00cd - AB TRIO s.r.o.","isPartOf":{"@id":"https:\/\/www.abtrio-leseni.cz\/#website"},"primaryImageOfPage":{"@id":"https:\/\/www.abtrio-leseni.cz\/#primaryimage"},"image":{"@id":"https:\/\/www.abtrio-leseni.cz\/#primaryimage"},"thumbnailUrl":"https:\/\/www.abtrio-leseni.cz\/wp-content\/uploads\/2025\/01\/Abtrio_logo_ctverec_nove.png","datePublished":"2025-01-31T10:54:11+00:00","dateModified":"2025-10-21T11:53:59+00:00","description":"Ji\u017e v\u00edce ne\u017e 30 let V\u00e1m pom\u00e1h\u00e1me realizovat Va\u0161e sny. A\u0165 u\u017e stav\u00edte d\u016fm nebo developersk\u00fd projekt, s na\u0161\u00edm le\u0161en\u00edm m\u016f\u017eete m\u00ed\u0159it vysoko!","breadcrumb":{"@id":"https:\/\/www.abtrio-leseni.cz\/#breadcrumb"},"inLanguage":"cs","potentialAction":[{"@type":"ReadAction","target":["https:\/\/www.abtrio-leseni.cz\/"]}]},{"@type":"ImageObject","inLanguage":"cs","@id":"https:\/\/www.abtrio-leseni.cz\/#primaryimage","url":"https:\/\/www.abtrio-leseni.cz\/wp-content\/uploads\/2025\/01\/Abtrio_logo_ctverec_nove.png","contentUrl":"https:\/\/www.abtrio-leseni.cz\/wp-content\/uploads\/2025\/01\/Abtrio_logo_ctverec_nove.png","width":4960,"height":4646,"caption":"Logo spole\u010dnosti AB TRIO s.r.o."},{"@type":"BreadcrumbList","@id":"https:\/\/www.abtrio-leseni.cz\/#breadcrumb","itemListElement":[{"@type":"ListItem","position":1,"name":"Dom\u016f","item":"https:\/\/www.abtrio-leseni.cz\/"},{"@type":"ListItem","position":2,"name":"V\u00c1\u0160 EXPERT NA LE\u0160EN\u00cd"}]},{"@type":"WebSite","@id":"https:\/\/www.abtrio-leseni.cz\/#website","url":"https:\/\/www.abtrio-leseni.cz\/","name":"AB TRIO s.r.o.","description":"V\u00e1\u0161 expert na le\u0161en\u00ed","potentialAction":[{"@type":"SearchAction","target":{"@type":"EntryPoint","urlTemplate":"https:\/\/www.abtrio-leseni.cz\/?s={search_term_string}"},"query-input":{"@type":"PropertyValueSpecification","valueRequired":true,"valueName":"search_term_string"}}],"inLanguage":"cs"}]}},"_links":{"self":[{"href":"https:\/\/www.abtrio-leseni.cz\/index.php?rest_route=\/wp\/v2\/pages\/14","targetHints":{"allow":["GET"]}}],"collection":[{"href":"https:\/\/www.abtrio-leseni.cz\/index.php?rest_route=\/wp\/v2\/pages"}],"about":[{"href":"https:\/\/www.abtrio-leseni.cz\/index.php?rest_route=\/wp\/v2\/types\/page"}],"author":[{"embeddable":true,"href":"https:\/\/www.abtrio-leseni.cz\/index.php?rest_route=\/wp\/v2\/users\/1"}],"replies":[{"embeddable":true,"href":"https:\/\/www.abtrio-leseni.cz\/index.php?rest_route=%2Fwp%2Fv2%2Fcomments&post=14"}],"version-history":[{"count":5,"href":"https:\/\/www.abtrio-leseni.cz\/index.php?rest_route=\/wp\/v2\/pages\/14\/revisions"}],"predecessor-version":[{"id":5154,"href":"https:\/\/www.abtrio-leseni.cz\/index.php?rest_route=\/wp\/v2\/pages\/14\/revisions\/5154"}],"wp:featuredmedia":[{"embeddable":true,"href":"https:\/\/www.abtrio-leseni.cz\/index.php?rest_route=\/wp\/v2\/media\/63"}],"wp:attachment":[{"href":"https:\/\/www.abtrio-leseni.cz\/index.php?rest_route=%2Fwp%2Fv2%2Fmedia&parent=14"}],"curies":[{"name":"wp","href":"https:\/\/api.w.org\/{rel}","templated":true}]}}